{"id":941,"date":"2025-09-04T00:05:52","date_gmt":"2025-09-04T04:05:52","guid":{"rendered":"https:\/\/employmenthero.com\/fr-ca\/?page_id=941"},"modified":"2025-11-04T21:23:38","modified_gmt":"2025-11-05T02:23:38","slug":"contact","status":"publish","type":"page","link":"https:\/\/employmenthero.com\/fr-ca\/qc\/contact\/","title":{"rendered":"Contact"},"content":{"rendered":"\n<div class=\"wp-block-group alignfull hero-landing-with-form-wrapper has-white-background-color has-background has-link-color wp-elements-ff1858fe6f4bbd75d7d919b4d8a56793 has-global-padding is-layout-constrained wp-container-core-group-is-layout-9 wp-block-group-is-layout-constrained\" style=\"padding-top:var(--wp--preset--spacing--10);padding-right:var(--wp--preset--spacing--6);padding-bottom:var(--wp--preset--spacing--20);padding-left:var(--wp--preset--spacing--6)\">\n<div class=\"wp-block-columns are-vertically-aligned-top is-layout-flex wp-container-core-columns-is-layout-1 wp-block-columns-is-layout-flex\">\n<div class=\"wp-block-column is-vertically-aligned-top is-layout-flow wp-container-core-column-is-layout-1 wp-block-column-is-layout-flow\" style=\"flex-basis:60%\">\n<div class=\"wp-block-group hero-landing-with-form-sub-text-desktop has-global-padding is-layout-constrained wp-block-group-is-layout-constrained\">\n<div class=\"wp-block-group has-global-padding is-layout-constrained wp-block-group-is-layout-constrained\">\n<h1 class=\"wp-block-heading has-2-xl-font-size\" style=\"padding-bottom:var(--wp--preset--spacing--9)\">Questions d&#8217;ordre g\u00e9n\u00e9ral<\/h1>\n\n\n\n<p class=\"has-lg-font-size\" style=\"padding-bottom:var(--wp--preset--spacing--9)\">Soumettez une demande ici si vous cherchez \u00e0 joindre :<\/p>\n\n\n\n<ul style=\"padding-bottom:var(--wp--preset--spacing--6)\" class=\"wp-block-list is-style-checkmark\">\n<li>Ventes<\/li>\n\n\n\n<li>Marketing<\/li>\n\n\n\n<li>M\u00e9dias<\/li>\n\n\n\n<li>Questions d&#8217;ordre g\u00e9n\u00e9ra<\/li>\n<\/ul>\n\n\n\n<p class=\"has-lg-font-size\" style=\"padding-bottom:var(--wp--preset--spacing--9)\">Autrement, veuillez visiter notre centre de soutien si vous avez besoin d&#8217;aide concernant notre produit.<\/p>\n<\/div>\n<\/div>\n<\/div>\n\n\n\n<div class=\"wp-block-column is-vertically-aligned-top is-layout-flow wp-block-column-is-layout-flow\" style=\"flex-basis:40%\">\n<div class=\"wp-block-group has-global-padding is-layout-constrained wp-block-group-is-layout-constrained\">\n    <div class=\"hero-landing-marketo-form wp-block-employmentherocom2025-marketo-form is-layout-flow wp-block-marketo-form-is-layout-flow\">\n                    <div class=\"marketo-form-scroll-to\">\n                Contactez-nous            <\/div>\n            <button class=\"sticky-marketo-form-scroll-to\">\n                Contactez-nous            <\/button>\n                            <div class=\"eh_marketo_form-container default\" data-marketo-form=\"{&quot;is_multi_steps&quot;:false,&quot;form_data&quot;:[{&quot;base_url&quot;:&quot;\/\/hr.employmenthero.io&quot;,&quot;munchkin_id&quot;:&quot;387-SZZ-170&quot;,&quot;form_id&quot;:&quot;4566&quot;,&quot;css_classes&quot;:&quot;&quot;}],&quot;submit_text&quot;:&quot;&quot;,&quot;success_handling_method&quot;:&quot;thank_you_page&quot;,&quot;redirect_url&quot;:&quot;&quot;,&quot;thank_you_message&quot;:&quot;&quot;,&quot;add_lead_linking_id&quot;:false,&quot;add_drift_campaign_id&quot;:false,&quot;drift_campaign_id&quot;:&quot;&quot;,&quot;thank_you_page_id&quot;:&quot;&quot;,&quot;thank_you_page_url&quot;:&quot;https:\/\/employmenthero.com\/fr-ca\/?post_type=page&amp;p=941&amp;origin=contact&amp;origin_id=PdNkwtXsORiBySEqSNmGjNHMiu0SRD540wT77Zefgqq3b%2FKd9lZmik8V%2FjtfBkpb0l3Jzgl1GJHOUsli%2FgfP3Q%3D%3D&quot;,&quot;progress_indicator_type&quot;:&quot;stepper&quot;,&quot;enable_revenue_hero&quot;:false,&quot;revenue_hero_router_id&quot;:&quot;4668&quot;,&quot;revenue_hero_thank_you_message&quot;:&quot;Thank you for booking!&quot;}\"><\/div>\n            <\/div>\n<\/div>\n<\/div>\n\n\n\n<div class=\"wp-block-column hero-landing-with-form-sub-text-tablet is-layout-flow wp-block-column-is-layout-flow\">\n<div class=\"wp-block-group has-global-padding is-layout-constrained wp-block-group-is-layout-constrained\">\n<h4 class=\"wp-block-heading\" style=\"padding-bottom:var(--wp--preset--spacing--9)\">General enquiries contact<\/h4>\n\n\n\n<p class=\"has-lg-font-size\" style=\"padding-bottom:var(--wp--preset--spacing--9)\">Submit a request here if you\u2019re looking for:<\/p>\n\n\n\n<div class=\"wp-block-group is-nowrap is-layout-flex wp-container-core-group-is-layout-4 wp-block-group-is-layout-flex\" style=\"padding-bottom:var(--wp--preset--spacing--2)\">\n<figure class=\"wp-block-image size-full\"><img decoding=\"async\" src=\"https:\/\/employmenthero.com\/wp-content\/uploads\/2025\/02\/check.png\" alt=\"\" class=\"wp-image-44363\"\/><\/figure>\n\n\n\n<p class=\"has-lg-font-size\">Sales<\/p>\n<\/div>\n\n\n\n<div class=\"wp-block-group is-nowrap is-layout-flex wp-container-core-group-is-layout-5 wp-block-group-is-layout-flex\" style=\"padding-bottom:var(--wp--preset--spacing--2)\">\n<figure class=\"wp-block-image size-full\"><img decoding=\"async\" src=\"https:\/\/employmenthero.com\/wp-content\/uploads\/2025\/02\/check.png\" alt=\"\" class=\"wp-image-44363\"\/><\/figure>\n\n\n\n<p class=\"has-lg-font-size\">Marketing<\/p>\n<\/div>\n\n\n\n<div class=\"wp-block-group is-nowrap is-layout-flex wp-container-core-group-is-layout-6 wp-block-group-is-layout-flex\" style=\"padding-bottom:var(--wp--preset--spacing--2)\">\n<figure class=\"wp-block-image size-full\"><img decoding=\"async\" src=\"https:\/\/employmenthero.com\/wp-content\/uploads\/2025\/02\/check.png\" alt=\"\" class=\"wp-image-44363\"\/><\/figure>\n\n\n\n<p class=\"has-lg-font-size\">Media<\/p>\n<\/div>\n\n\n\n<div class=\"wp-block-group is-nowrap is-layout-flex wp-container-core-group-is-layout-7 wp-block-group-is-layout-flex\" style=\"padding-bottom:var(--wp--preset--spacing--9)\">\n<figure class=\"wp-block-image size-full\"><img decoding=\"async\" src=\"https:\/\/employmenthero.com\/wp-content\/uploads\/2025\/02\/check.png\" alt=\"\" class=\"wp-image-44363\"\/><\/figure>\n\n\n\n<p class=\"has-lg-font-size\">General enquiries<\/p>\n<\/div>\n\n\n\n<p class=\"has-lg-font-size\" style=\"padding-bottom:var(--wp--preset--spacing--9)\">Otherwise, please visit our&nbsp;<a href=\"https:\/\/help.employmenthero.com\/hc\/en-au\">support centre<\/a>&nbsp;if you\u2019re looking for help with our product.<\/p>\n<\/div>\n<\/div>\n<\/div>\n<\/div>\n\n\n\n<section class=\"wp-block-group alignfull heading-with-cta__wrapper is-style-light-cloud has-light-violet-50-background-color has-background has-global-padding is-layout-constrained wp-block-group-is-layout-constrained is-style-light-cloud--1\">\n<div class=\"wp-block-group heading-with-cta__container is-style-default is-vertical is-content-justification-center is-nowrap is-layout-flex wp-container-core-group-is-layout-10 wp-block-group-is-layout-flex\">\n<h2 class=\"wp-block-heading has-text-align-center has-4-xl-font-size\" style=\"letter-spacing:-0.0325rem\">Vous cherchez de l&#8217;aide?<\/h2>\n\n\n\n<p class=\"has-text-align-center is-style-default has-xl-font-size\" style=\"font-style:normal;font-weight:400\">Veuillez visiter notre centre de soutien pour trouver la r\u00e9ponse \u00e0 votre question.<\/p>\n\n\n\n<div class=\"wp-block-buttons is-content-justification-center is-layout-flex wp-container-core-buttons-is-layout-1 wp-block-buttons-is-layout-flex\">\n<div class=\"wp-block-button is-style-fill\"><a class=\"wp-block-button__link has-btn-brand-background-color has-background wp-element-button\" href=\"https:\/\/help.employmenthero.com\/hc\/en-ca\">Visiter le centre de soutien<\/a><\/div>\n<\/div>\n<\/div>\n<\/section>\n\n\n\n<div class=\"wp-block-group alignfull image_left_right-wrapper has-global-padding is-layout-constrained wp-container-core-group-is-layout-14 wp-block-group-is-layout-constrained\" style=\"padding-top:var(--wp--preset--spacing--20);padding-right:var(--wp--preset--spacing--6);padding-bottom:var(--wp--preset--spacing--10);padding-left:var(--wp--preset--spacing--6)\">\n<div class=\"wp-block-columns are-vertically-aligned-center image_left_right-container is-layout-flex wp-container-core-columns-is-layout-2 wp-block-columns-is-layout-flex\" style=\"padding-top:var(--wp--preset--spacing--0);padding-right:0;padding-bottom:var(--wp--preset--spacing--0);padding-left:0\">\n<div class=\"wp-block-column is-vertically-aligned-center is-layout-flow wp-block-column-is-layout-flow\" style=\"flex-basis:50%\">\n<figure class=\"wp-block-image size-full\"><img decoding=\"async\" src=\"https:\/\/employmenthero.com\/en-ca\/wp-content\/uploads\/sites\/6\/2025\/08\/Screenshot-2025-08-29-221546.png\" alt=\"\" class=\"wp-image-4747\" style=\"object-fit:cover\"\/><\/figure>\n<\/div>\n\n\n\n<div class=\"wp-block-column is-vertically-aligned-center is-layout-flow wp-container-core-column-is-layout-5 wp-block-column-is-layout-flow\" style=\"padding-left:0;flex-basis:50%\">\n<h2 class=\"wp-block-heading has-2-xl-font-size\">Contactez-nous<\/h2>\n\n\n\n<div class=\"wp-block-group is-nowrap is-layout-flex wp-container-core-group-is-layout-12 wp-block-group-is-layout-flex\" style=\"padding-bottom:var(--wp--preset--spacing--2)\">\n<figure class=\"wp-block-image size-full\"><img decoding=\"async\" src=\"https:\/\/employmenthero.com\/wp-content\/uploads\/2025\/02\/pin.png\" alt=\"\" class=\"wp-image-44371\"\/><\/figure>\n\n\n\n<p class=\"has-lg-font-size\">207 Queens Quay O #400, Toronto, <br>ON M5J 1A7 Canada<\/p>\n<\/div>\n\n\n\n<div class=\"wp-block-buttons is-layout-flex wp-block-buttons-is-layout-flex\">\n<div class=\"wp-block-button is-style-link-arrow is-style-link-arrow--2\"><a class=\"wp-block-button__link has-btn-brand-background-color has-background wp-element-button\" href=\"https:\/\/maps.app.goo.gl\/LsohXmLRMrZEi3gk8\" style=\"padding-right:var(--wp--preset--spacing--12);padding-left:var(--wp--preset--spacing--12)\">Obtenir l\u2019itin\u00e9raire<\/a><\/div>\n<\/div>\n\n\n\n<div class=\"wp-block-group is-nowrap is-layout-flex wp-container-core-group-is-layout-13 wp-block-group-is-layout-flex\" style=\"padding-bottom:var(--wp--preset--spacing--2)\">\n<figure class=\"wp-block-image size-full\"><img decoding=\"async\" src=\"https:\/\/employmenthero.com\/wp-content\/uploads\/2025\/02\/telephone.png\" alt=\"\" class=\"wp-image-44374\"\/><\/figure>\n\n\n\n<p class=\"has-lg-font-size\"><a href=\"tel:+1 844-438-4864\">+1 844-438-4864<\/a><\/p>\n<\/div>\n<\/div>\n<\/div>\n<\/div>\n","protected":false},"excerpt":{"rendered":"<p>Questions d&#8217;ordre g\u00e9n\u00e9ral Soumettez une demande ici si vous cherchez \u00e0 joindre : Autrement, veuillez visiter notre centre de soutien si vous avez besoin d&#8217;aide concernant notre produit. General enquiries contact Submit a request here if you\u2019re looking for: Sales Marketing Media General enquiries Otherwise, please visit our&nbsp;support centre&nbsp;if you\u2019re looking for help with our [&hellip;]<\/p>\n","protected":false},"author":30,"featured_media":0,"parent":17,"menu_order":0,"comment_status":"closed","ping_status":"closed","template":"","meta":{"inline_featured_image":false,"_lite_auth_enabled":false,"_lite_auth_trigger_method":"scroll","_lite_auth_scroll_percent":25,"_lite_auth_click_element_query":"","footnotes":""},"class_list":["post-941","page","type-page","status-publish","hentry"],"_links":{"self":[{"href":"https:\/\/employmenthero.com\/fr-ca\/wp-json\/wp\/v2\/pages\/941","targetHints":{"allow":["GET"]}}],"collection":[{"href":"https:\/\/employmenthero.com\/fr-ca\/wp-json\/wp\/v2\/pages"}],"about":[{"href":"https:\/\/employmenthero.com\/fr-ca\/wp-json\/wp\/v2\/types\/page"}],"author":[{"embeddable":true,"href":"https:\/\/employmenthero.com\/fr-ca\/wp-json\/wp\/v2\/users\/30"}],"replies":[{"embeddable":true,"href":"https:\/\/employmenthero.com\/fr-ca\/wp-json\/wp\/v2\/comments?post=941"}],"version-history":[{"count":2,"href":"https:\/\/employmenthero.com\/fr-ca\/wp-json\/wp\/v2\/pages\/941\/revisions"}],"predecessor-version":[{"id":944,"href":"https:\/\/employmenthero.com\/fr-ca\/wp-json\/wp\/v2\/pages\/941\/revisions\/944"}],"up":[{"embeddable":true,"href":"https:\/\/employmenthero.com\/fr-ca\/wp-json\/wp\/v2\/pages\/17"}],"wp:attachment":[{"href":"https:\/\/employmenthero.com\/fr-ca\/wp-json\/wp\/v2\/media?parent=941"}],"curies":[{"name":"wp","href":"https:\/\/api.w.org\/{rel}","templated":true}]}}