{"id":307,"date":"2025-09-01T04:38:50","date_gmt":"2025-09-01T08:38:50","guid":{"rendered":"https:\/\/employmenthero.com\/fr-ca\/?page_id=307"},"modified":"2026-01-13T03:31:41","modified_gmt":"2026-01-13T08:31:41","slug":"legals","status":"publish","type":"page","link":"https:\/\/employmenthero.com\/fr-ca\/qc\/legals\/","title":{"rendered":"Centre de Confiance et Juridique"},"content":{"rendered":"\n<div class=\"wp-block-group alignfull has-light-violet-50-background-color has-background has-global-padding is-layout-constrained wp-block-group-is-layout-constrained\" style=\"padding-top:var(--wp--preset--spacing--28);padding-bottom:var(--wp--preset--spacing--28)\">\n<div class=\"wp-block-group is-content-justification-left is-layout-flex wp-container-core-group-is-layout-1 wp-block-group-is-layout-flex\">\n<div class=\"wp-block-columns is-layout-flex wp-container-core-columns-is-layout-1 wp-block-columns-is-layout-flex\" style=\"margin-top:var(--wp--preset--spacing--large);margin-bottom:var(--wp--preset--spacing--large);padding-right:var(--wp--preset--spacing--small);padding-left:var(--wp--preset--spacing--small)\">\n<div class=\"wp-block-column is-vertically-aligned-center is-layout-flow wp-block-column-is-layout-flow\" style=\"flex-basis:55%\">\n<h1 class=\"wp-block-heading has-heading-1-3-xl-font-size\">Centre de Confiance et Juridique<\/h1>\n\n\n\n<p class=\"is-style-default has-xl-font-size\" style=\"padding-top:var(--wp--preset--spacing--50);padding-bottom:var(--wp--preset--spacing--50)\">Vous trouverez ici toutes les informations juridiques et relatives \u00e0 la s\u00e9curit\u00e9 concernant nos produits, services et sites web.<\/p>\n<\/div>\n\n\n\n<div class=\"wp-block-column is-vertically-aligned-center is-layout-flow wp-block-column-is-layout-flow\" style=\"flex-basis:40%\">\n<figure class=\"wp-block-image size-full\"><img decoding=\"async\" src=\"https:\/\/employmenthero.com\/ca\/wp-content\/uploads\/sites\/6\/2025\/07\/trust_legal_centre_section_1.png\" alt=\"A woman in a yellow sweater holds a tablet as a man in a beige jacket, holding a coffee mug, looks at the screen.\" class=\"wp-image-124\"\/><\/figure>\n<\/div>\n<\/div>\n<\/div>\n<\/div>\n\n\n\n<div class=\"wp-block-group alignfull eh-features has-primary-lighter-background-color has-background has-global-padding is-layout-constrained wp-block-group-is-layout-constrained\" style=\"padding-top:var(--wp--preset--spacing--20);padding-bottom:var(--wp--preset--spacing--20)\">\n<h2 class=\"wp-block-heading has-text-align-center has-xx-large-font-size\" style=\"margin-bottom:var(--wp--preset--spacing--20)\">Modalit\u00e9s du produit et du service<\/h2>\n\n\n\n<div class=\"wp-block-query blog-3-col-query-loop is-layout-flow wp-block-query-is-layout-flow\"><ul class=\"columns-3 alignfull wp-block-post-template is-layout-grid wp-container-core-post-template-is-layout-1 wp-block-post-template-is-layout-grid\"><li class=\"wp-block-post post-306 legals type-legals status-publish hentry\">\n\n<div class=\"wp-block-group has-border-color has-light-violet-200-border-color has-white-background-color has-background is-vertical is-layout-flex wp-container-core-group-is-layout-5 wp-block-group-is-layout-flex\" style=\"border-width:1px;border-radius:2rem;min-height:100%\">\n<div class=\"wp-block-group blog-3-col-details wp-container-content-2 is-vertical is-content-justification-left is-nowrap is-layout-flex wp-container-core-group-is-layout-4 wp-block-group-is-layout-flex\" style=\"margin-top:0;padding-top:var(--wp--preset--spacing--10);padding-right:var(--wp--preset--spacing--10);padding-bottom:var(--wp--preset--spacing--10);padding-left:var(--wp--preset--spacing--10)\">\n<div class=\"wp-block-group is-vertical is-layout-flex wp-container-core-group-is-layout-3 wp-block-group-is-layout-flex\"><h3 class=\"wp-block-post-title\"><a href=\"https:\/\/employmenthero.com\/fr-ca\/legals\/terms-conditions\/\" target=\"_self\" >Modalit\u00e9s de la plateforme<\/a><\/h3><\/div>\n\n\n<a style=\"font-style:normal;font-weight:600; border-radius:25px; padding-top:var(--wp--preset--spacing--2);padding-bottom:var(--wp--preset--spacing--2);padding-left:var(--wp--preset--spacing--5);padding-right:var(--wp--preset--spacing--5);\" class=\"wp-elements-89bec807faa41b4e196269a7c5befdf3 wp-block-read-more has-text-color has-white-color has-background has-violet-500-background-color\" href=\"https:\/\/employmenthero.com\/fr-ca\/legals\/terms-conditions\/\" target=\"_self\">Voir<span class=\"screen-reader-text\">: Modalit\u00e9s de la plateforme<\/span><\/a><\/div>\n<\/div>\n<a href=\"https:\/\/employmenthero.com\/fr-ca\/legals\/terms-conditions\/\" target=\"_self\" class=\"group-block-link\"><\/a>\n<\/li><li class=\"wp-block-post post-357 legals type-legals status-publish hentry\">\n\n<div class=\"wp-block-group has-border-color has-light-violet-200-border-color has-white-background-color has-background is-vertical is-layout-flex wp-container-core-group-is-layout-8 wp-block-group-is-layout-flex\" style=\"border-width:1px;border-radius:2rem;min-height:100%\">\n<div class=\"wp-block-group blog-3-col-details wp-container-content-4 is-vertical is-content-justification-left is-nowrap is-layout-flex wp-container-core-group-is-layout-7 wp-block-group-is-layout-flex\" style=\"margin-top:0;padding-top:var(--wp--preset--spacing--10);padding-right:var(--wp--preset--spacing--10);padding-bottom:var(--wp--preset--spacing--10);padding-left:var(--wp--preset--spacing--10)\">\n<div class=\"wp-block-group is-vertical is-layout-flex wp-container-core-group-is-layout-6 wp-block-group-is-layout-flex\"><h3 class=\"wp-block-post-title\"><a href=\"https:\/\/employmenthero.com\/fr-ca\/legals\/service-terms-and-conditions\/\" target=\"_self\" >Modalit\u00e9s des services de la plateforme<\/a><\/h3><\/div>\n\n\n<a style=\"font-style:normal;font-weight:600; border-radius:25px; padding-top:var(--wp--preset--spacing--2);padding-bottom:var(--wp--preset--spacing--2);padding-left:var(--wp--preset--spacing--5);padding-right:var(--wp--preset--spacing--5);\" class=\"wp-elements-89bec807faa41b4e196269a7c5befdf3 wp-block-read-more has-text-color has-white-color has-background has-violet-500-background-color\" href=\"https:\/\/employmenthero.com\/fr-ca\/legals\/service-terms-and-conditions\/\" target=\"_self\">Voir<span class=\"screen-reader-text\">: Modalit\u00e9s des services de la plateforme<\/span><\/a><\/div>\n<\/div>\n<a href=\"https:\/\/employmenthero.com\/fr-ca\/legals\/service-terms-and-conditions\/\" target=\"_self\" class=\"group-block-link\"><\/a>\n<\/li><li class=\"wp-block-post post-315 legals type-legals status-publish hentry\">\n\n<div class=\"wp-block-group has-border-color has-light-violet-200-border-color has-white-background-color has-background is-vertical is-layout-flex wp-container-core-group-is-layout-11 wp-block-group-is-layout-flex\" style=\"border-width:1px;border-radius:2rem;min-height:100%\">\n<div class=\"wp-block-group blog-3-col-details wp-container-content-6 is-vertical is-content-justification-left is-nowrap is-layout-flex wp-container-core-group-is-layout-10 wp-block-group-is-layout-flex\" style=\"margin-top:0;padding-top:var(--wp--preset--spacing--10);padding-right:var(--wp--preset--spacing--10);padding-bottom:var(--wp--preset--spacing--10);padding-left:var(--wp--preset--spacing--10)\">\n<div class=\"wp-block-group is-vertical is-layout-flex wp-container-core-group-is-layout-9 wp-block-group-is-layout-flex\"><h3 class=\"wp-block-post-title\"><a href=\"https:\/\/employmenthero.com\/fr-ca\/legals\/service-terms-and-conditions\/scope-of-services\/\" target=\"_self\" >Service de paie g\u00e9r\u00e9<\/a><\/h3><\/div>\n\n\n<a style=\"font-style:normal;font-weight:600; border-radius:25px; padding-top:var(--wp--preset--spacing--2);padding-bottom:var(--wp--preset--spacing--2);padding-left:var(--wp--preset--spacing--5);padding-right:var(--wp--preset--spacing--5);\" class=\"wp-elements-89bec807faa41b4e196269a7c5befdf3 wp-block-read-more has-text-color has-white-color has-background has-violet-500-background-color\" href=\"https:\/\/employmenthero.com\/fr-ca\/legals\/service-terms-and-conditions\/scope-of-services\/\" target=\"_self\">Voir<span class=\"screen-reader-text\">: Service de paie g\u00e9r\u00e9<\/span><\/a><\/div>\n<\/div>\n<a href=\"https:\/\/employmenthero.com\/fr-ca\/legals\/service-terms-and-conditions\/scope-of-services\/\" target=\"_self\" class=\"group-block-link\"><\/a>\n<\/li><li class=\"wp-block-post post-362 legals type-legals status-publish hentry\">\n\n<div class=\"wp-block-group has-border-color has-light-violet-200-border-color has-white-background-color has-background is-vertical is-layout-flex wp-container-core-group-is-layout-14 wp-block-group-is-layout-flex\" style=\"border-width:1px;border-radius:2rem;min-height:100%\">\n<div class=\"wp-block-group blog-3-col-details wp-container-content-8 is-vertical is-content-justification-left is-nowrap is-layout-flex wp-container-core-group-is-layout-13 wp-block-group-is-layout-flex\" style=\"margin-top:0;padding-top:var(--wp--preset--spacing--10);padding-right:var(--wp--preset--spacing--10);padding-bottom:var(--wp--preset--spacing--10);padding-left:var(--wp--preset--spacing--10)\">\n<div class=\"wp-block-group is-vertical is-layout-flex wp-container-core-group-is-layout-12 wp-block-group-is-layout-flex\"><h3 class=\"wp-block-post-title\"><a href=\"https:\/\/employmenthero.com\/fr-ca\/legals\/managed-implementation-services\/\" target=\"_self\" >Services g\u00e9r\u00e9s de mise en \u0153uvre<\/a><\/h3><\/div>\n\n\n<a style=\"font-style:normal;font-weight:600; border-radius:25px; padding-top:var(--wp--preset--spacing--2);padding-bottom:var(--wp--preset--spacing--2);padding-left:var(--wp--preset--spacing--5);padding-right:var(--wp--preset--spacing--5);\" class=\"wp-elements-89bec807faa41b4e196269a7c5befdf3 wp-block-read-more has-text-color has-white-color has-background has-violet-500-background-color\" href=\"https:\/\/employmenthero.com\/fr-ca\/legals\/managed-implementation-services\/\" target=\"_self\">Voir<span class=\"screen-reader-text\">: Services g\u00e9r\u00e9s de mise en \u0153uvre<\/span><\/a><\/div>\n<\/div>\n<a href=\"https:\/\/employmenthero.com\/fr-ca\/legals\/managed-implementation-services\/\" target=\"_self\" class=\"group-block-link\"><\/a>\n<\/li><\/ul><\/div>\n<\/div>\n\n\n\n<div class=\"wp-block-group alignfull eh-features has-light-violet-50-background-color has-background has-global-padding is-layout-constrained wp-block-group-is-layout-constrained\" style=\"padding-top:var(--wp--preset--spacing--20);padding-bottom:var(--wp--preset--spacing--20)\">\n<h2 class=\"wp-block-heading has-text-align-center has-xx-large-font-size\" style=\"margin-bottom:var(--wp--preset--spacing--20)\">Confidentialit\u00e9 et donn\u00e9es<\/h2>\n\n\n\n<div class=\"wp-block-query blog-3-col-query-loop is-layout-flow wp-block-query-is-layout-flow\"><ul class=\"columns-3 alignfull wp-block-post-template is-layout-grid wp-container-core-post-template-is-layout-2 wp-block-post-template-is-layout-grid\"><li class=\"wp-block-post post-364 legals type-legals status-publish hentry\">\n\n<div class=\"wp-block-group has-border-color has-light-violet-200-border-color has-white-background-color has-background is-vertical is-layout-flex wp-container-core-group-is-layout-18 wp-block-group-is-layout-flex\" style=\"border-width:1px;border-radius:2rem;min-height:100%\">\n<div class=\"wp-block-group blog-3-col-details wp-container-content-10 is-vertical is-content-justification-left is-nowrap is-layout-flex wp-container-core-group-is-layout-17 wp-block-group-is-layout-flex\" style=\"margin-top:0;padding-top:var(--wp--preset--spacing--10);padding-right:var(--wp--preset--spacing--10);padding-bottom:var(--wp--preset--spacing--10);padding-left:var(--wp--preset--spacing--10)\">\n<div class=\"wp-block-group is-vertical is-layout-flex wp-container-core-group-is-layout-16 wp-block-group-is-layout-flex\"><h3 class=\"wp-block-post-title\"><a href=\"https:\/\/employmenthero.com\/fr-ca\/legals\/privacy-policy\/\" target=\"_self\" >Politique de confidentialit\u00e9<\/a><\/h3><\/div>\n\n\n<a style=\"font-style:normal;font-weight:600; border-radius:25px; padding-top:var(--wp--preset--spacing--2);padding-bottom:var(--wp--preset--spacing--2);padding-left:var(--wp--preset--spacing--5);padding-right:var(--wp--preset--spacing--5);\" class=\"wp-elements-89bec807faa41b4e196269a7c5befdf3 wp-block-read-more has-text-color has-white-color has-background has-violet-500-background-color\" href=\"https:\/\/employmenthero.com\/fr-ca\/legals\/privacy-policy\/\" target=\"_self\">Voir<span class=\"screen-reader-text\">: Politique de confidentialit\u00e9<\/span><\/a><\/div>\n<\/div>\n<a href=\"https:\/\/employmenthero.com\/fr-ca\/legals\/privacy-policy\/\" target=\"_self\" class=\"group-block-link\"><\/a>\n<\/li><li class=\"wp-block-post post-932 legals type-legals status-publish hentry\">\n\n<div class=\"wp-block-group has-border-color has-light-violet-200-border-color has-white-background-color has-background is-vertical is-layout-flex wp-container-core-group-is-layout-21 wp-block-group-is-layout-flex\" style=\"border-width:1px;border-radius:2rem;min-height:100%\">\n<div class=\"wp-block-group blog-3-col-details wp-container-content-12 is-vertical is-content-justification-left is-nowrap is-layout-flex wp-container-core-group-is-layout-20 wp-block-group-is-layout-flex\" style=\"margin-top:0;padding-top:var(--wp--preset--spacing--10);padding-right:var(--wp--preset--spacing--10);padding-bottom:var(--wp--preset--spacing--10);padding-left:var(--wp--preset--spacing--10)\">\n<div class=\"wp-block-group is-vertical is-layout-flex wp-container-core-group-is-layout-19 wp-block-group-is-layout-flex\"><h3 class=\"wp-block-post-title\"><a href=\"https:\/\/employmenthero.com\/fr-ca\/legals\/politique-dutilisation-des-temoins\/\" target=\"_self\" >Politique d\u2019utilisation des t\u00e9moins<\/a><\/h3><\/div>\n\n\n<a style=\"font-style:normal;font-weight:600; border-radius:25px; padding-top:var(--wp--preset--spacing--2);padding-bottom:var(--wp--preset--spacing--2);padding-left:var(--wp--preset--spacing--5);padding-right:var(--wp--preset--spacing--5);\" class=\"wp-elements-89bec807faa41b4e196269a7c5befdf3 wp-block-read-more has-text-color has-white-color has-background has-violet-500-background-color\" href=\"https:\/\/employmenthero.com\/fr-ca\/legals\/politique-dutilisation-des-temoins\/\" target=\"_self\">Voir<span class=\"screen-reader-text\">: Politique d\u2019utilisation des t\u00e9moins<\/span><\/a><\/div>\n<\/div>\n<a href=\"https:\/\/employmenthero.com\/fr-ca\/legals\/politique-dutilisation-des-temoins\/\" target=\"_self\" class=\"group-block-link\"><\/a>\n<\/li><li class=\"wp-block-post post-363 legals type-legals status-publish hentry\">\n\n<div class=\"wp-block-group has-border-color has-light-violet-200-border-color has-white-background-color has-background is-vertical is-layout-flex wp-container-core-group-is-layout-24 wp-block-group-is-layout-flex\" style=\"border-width:1px;border-radius:2rem;min-height:100%\">\n<div class=\"wp-block-group blog-3-col-details wp-container-content-14 is-vertical is-content-justification-left is-nowrap is-layout-flex wp-container-core-group-is-layout-23 wp-block-group-is-layout-flex\" style=\"margin-top:0;padding-top:var(--wp--preset--spacing--10);padding-right:var(--wp--preset--spacing--10);padding-bottom:var(--wp--preset--spacing--10);padding-left:var(--wp--preset--spacing--10)\">\n<div class=\"wp-block-group is-vertical is-layout-flex wp-container-core-group-is-layout-22 wp-block-group-is-layout-flex\"><h3 class=\"wp-block-post-title\"><a href=\"https:\/\/employmenthero.com\/fr-ca\/legals\/privacy-policy\/data-processing\/\" target=\"_self\" >Addenda relatif au traitement des donn\u00e9es<\/a><\/h3><\/div>\n\n\n<a style=\"font-style:normal;font-weight:600; border-radius:25px; padding-top:var(--wp--preset--spacing--2);padding-bottom:var(--wp--preset--spacing--2);padding-left:var(--wp--preset--spacing--5);padding-right:var(--wp--preset--spacing--5);\" class=\"wp-elements-89bec807faa41b4e196269a7c5befdf3 wp-block-read-more has-text-color has-white-color has-background has-violet-500-background-color\" href=\"https:\/\/employmenthero.com\/fr-ca\/legals\/privacy-policy\/data-processing\/\" target=\"_self\">Voir<span class=\"screen-reader-text\">: Addenda relatif au traitement des donn\u00e9es<\/span><\/a><\/div>\n<\/div>\n<a href=\"https:\/\/employmenthero.com\/fr-ca\/legals\/privacy-policy\/data-processing\/\" target=\"_self\" class=\"group-block-link\"><\/a>\n<\/li><\/ul><\/div>\n<\/div>\n\n\n\n<div class=\"wp-block-group alignfull eh-features has-primary-lighter-background-color has-background has-global-padding is-layout-constrained wp-block-group-is-layout-constrained\" style=\"padding-top:var(--wp--preset--spacing--20);padding-bottom:var(--wp--preset--spacing--20)\">\n<h2 class=\"wp-block-heading has-text-align-center has-xx-large-font-size\" style=\"margin-bottom:var(--wp--preset--spacing--20)\">Conformit\u00e9<\/h2>\n\n\n\n<div class=\"wp-block-query blog-3-col-query-loop is-layout-flow wp-block-query-is-layout-flow\"><ul class=\"columns-2 alignfull wp-block-post-template is-layout-grid wp-container-core-post-template-is-layout-3 wp-block-post-template-is-layout-grid\"><li class=\"wp-block-post post-1674 legals type-legals status-publish hentry\">\n\n<div class=\"wp-block-group has-border-color has-light-violet-200-border-color has-white-background-color has-background is-vertical is-layout-flex wp-container-core-group-is-layout-28 wp-block-group-is-layout-flex\" style=\"border-width:1px;border-radius:2rem;min-height:100%\">\n<div class=\"wp-block-group blog-3-col-details wp-container-content-16 is-vertical is-content-justification-left is-nowrap is-layout-flex wp-container-core-group-is-layout-27 wp-block-group-is-layout-flex\" style=\"margin-top:0;padding-top:var(--wp--preset--spacing--10);padding-right:var(--wp--preset--spacing--10);padding-bottom:var(--wp--preset--spacing--10);padding-left:var(--wp--preset--spacing--10)\">\n<div class=\"wp-block-group is-vertical is-layout-flex wp-container-core-group-is-layout-26 wp-block-group-is-layout-flex\"><h3 class=\"wp-block-post-title\"><a href=\"https:\/\/employmenthero.com\/fr-ca\/legals\/politique-daccessibilite-pour-les-services-a-la-clientele\/\" target=\"_self\" >Politique d\u2019accessibilit\u00e9 pour les services \u00e0 la client\u00e8le<\/a><\/h3><\/div>\n\n\n<a style=\"font-style:normal;font-weight:600; border-radius:25px; padding-top:var(--wp--preset--spacing--2);padding-bottom:var(--wp--preset--spacing--2);padding-left:var(--wp--preset--spacing--5);padding-right:var(--wp--preset--spacing--5);\" class=\"wp-elements-89bec807faa41b4e196269a7c5befdf3 wp-block-read-more has-text-color has-white-color has-background has-violet-500-background-color\" href=\"https:\/\/employmenthero.com\/fr-ca\/legals\/politique-daccessibilite-pour-les-services-a-la-clientele\/\" target=\"_self\">Voir<span class=\"screen-reader-text\">: Politique d\u2019accessibilit\u00e9 pour les services \u00e0 la client\u00e8le<\/span><\/a><\/div>\n<\/div>\n<a href=\"https:\/\/employmenthero.com\/fr-ca\/legals\/politique-daccessibilite-pour-les-services-a-la-clientele\/\" target=\"_self\" class=\"group-block-link\"><\/a>\n<\/li><li class=\"wp-block-post post-1671 legals type-legals status-publish hentry\">\n\n<div class=\"wp-block-group has-border-color has-light-violet-200-border-color has-white-background-color has-background is-vertical is-layout-flex wp-container-core-group-is-layout-31 wp-block-group-is-layout-flex\" style=\"border-width:1px;border-radius:2rem;min-height:100%\">\n<div class=\"wp-block-group blog-3-col-details wp-container-content-18 is-vertical is-content-justification-left is-nowrap is-layout-flex wp-container-core-group-is-layout-30 wp-block-group-is-layout-flex\" style=\"margin-top:0;padding-top:var(--wp--preset--spacing--10);padding-right:var(--wp--preset--spacing--10);padding-bottom:var(--wp--preset--spacing--10);padding-left:var(--wp--preset--spacing--10)\">\n<div class=\"wp-block-group is-vertical is-layout-flex wp-container-core-group-is-layout-29 wp-block-group-is-layout-flex\"><h3 class=\"wp-block-post-title\"><a href=\"https:\/\/employmenthero.com\/fr-ca\/legals\/plan-pluriannuel-daccessibilite\/\" target=\"_self\" >Plan pluriannuel d\u2019accessibilit\u00e9<\/a><\/h3><\/div>\n\n\n<a style=\"font-style:normal;font-weight:600; border-radius:25px; padding-top:var(--wp--preset--spacing--2);padding-bottom:var(--wp--preset--spacing--2);padding-left:var(--wp--preset--spacing--5);padding-right:var(--wp--preset--spacing--5);\" class=\"wp-elements-89bec807faa41b4e196269a7c5befdf3 wp-block-read-more has-text-color has-white-color has-background has-violet-500-background-color\" href=\"https:\/\/employmenthero.com\/fr-ca\/legals\/plan-pluriannuel-daccessibilite\/\" target=\"_self\">Voir<span class=\"screen-reader-text\">: Plan pluriannuel d\u2019accessibilit\u00e9<\/span><\/a><\/div>\n<\/div>\n<a href=\"https:\/\/employmenthero.com\/fr-ca\/legals\/plan-pluriannuel-daccessibilite\/\" target=\"_self\" class=\"group-block-link\"><\/a>\n<\/li><\/ul><\/div>\n<\/div>\n\n\n\n<div class=\"wp-block-group alignfull eh-features has-global-padding is-layout-constrained wp-block-group-is-layout-constrained\" style=\"padding-top:var(--wp--preset--spacing--5);padding-bottom:var(--wp--preset--spacing--5)\">\n<p class=\"has-text-align-center has-neutral-500-color has-text-color has-link-color has-sm-font-size wp-elements-8d155b094f01a067a21b9692b29a8a4c\">Trouvez toutes les <a href=\"https:\/\/employmenthero.com\/fr-ca\/legals\/archived\/\">conditions et politiques archiv\u00e9es<\/a>.<\/p>\n<\/div>\n\n\n\n<style>\n.products-services-terms h3 {\nfont-size:1.5rem!important;\nfont-weight:400!important;\n}\n<\/style>\n","protected":false},"excerpt":{"rendered":"<p>Centre de Confiance et Juridique Vous trouverez ici toutes les informations juridiques et relatives \u00e0 la s\u00e9curit\u00e9 concernant nos produits, services et sites web. Modalit\u00e9s du produit et du service Confidentialit\u00e9 et donn\u00e9es Conformit\u00e9 Trouvez toutes les conditions et politiques archiv\u00e9es.<\/p>\n","protected":false},"author":30,"featured_media":0,"parent":17,"menu_order":0,"comment_status":"closed","ping_status":"closed","template":"","meta":{"inline_featured_image":false,"_lite_auth_enabled":false,"_lite_auth_trigger_method":"scroll","_lite_auth_scroll_percent":25,"_lite_auth_click_element_query":"","footnotes":""},"class_list":["post-307","page","type-page","status-publish","hentry"],"_links":{"self":[{"href":"https:\/\/employmenthero.com\/fr-ca\/wp-json\/wp\/v2\/pages\/307","targetHints":{"allow":["GET"]}}],"collection":[{"href":"https:\/\/employmenthero.com\/fr-ca\/wp-json\/wp\/v2\/pages"}],"about":[{"href":"https:\/\/employmenthero.com\/fr-ca\/wp-json\/wp\/v2\/types\/page"}],"author":[{"embeddable":true,"href":"https:\/\/employmenthero.com\/fr-ca\/wp-json\/wp\/v2\/users\/30"}],"replies":[{"embeddable":true,"href":"https:\/\/employmenthero.com\/fr-ca\/wp-json\/wp\/v2\/comments?post=307"}],"version-history":[{"count":39,"href":"https:\/\/employmenthero.com\/fr-ca\/wp-json\/wp\/v2\/pages\/307\/revisions"}],"predecessor-version":[{"id":1678,"href":"https:\/\/employmenthero.com\/fr-ca\/wp-json\/wp\/v2\/pages\/307\/revisions\/1678"}],"up":[{"embeddable":true,"href":"https:\/\/employmenthero.com\/fr-ca\/wp-json\/wp\/v2\/pages\/17"}],"wp:attachment":[{"href":"https:\/\/employmenthero.com\/fr-ca\/wp-json\/wp\/v2\/media?parent=307"}],"curies":[{"name":"wp","href":"https:\/\/api.w.org\/{rel}","templated":true}]}}