{"id":1588,"date":"2026-01-11T20:50:25","date_gmt":"2026-01-12T01:50:25","guid":{"rendered":"https:\/\/employmenthero.com\/fr-ca\/?page_id=1588"},"modified":"2026-01-11T20:55:33","modified_gmt":"2026-01-12T01:55:33","slug":"nouvelle-annee-nouvelle-offre-concue-pour-le-quebec","status":"publish","type":"page","link":"https:\/\/employmenthero.com\/fr-ca\/qc\/nouvelle-annee-nouvelle-offre-concue-pour-le-quebec\/","title":{"rendered":"Nouvelle ann\u00e9e. Nouvelle offre. Con\u00e7ue pour le Qu\u00e9bec."},"content":{"rendered":"\n<div class=\"wp-block-group alignfull hero-landing-with-form-wrapper has-global-padding is-layout-constrained wp-container-core-group-is-layout-7 wp-block-group-is-layout-constrained\" id=\"form\" style=\"padding-top:var(--wp--preset--spacing--6);padding-right:0;padding-bottom:var(--wp--preset--spacing--6);padding-left:0\">\n<div class=\"wp-block-group is-content-justification-space-between is-nowrap is-layout-flex wp-container-core-group-is-layout-1 wp-block-group-is-layout-flex\" style=\"padding-right:var(--wp--preset--spacing--6);padding-left:var(--wp--preset--spacing--6)\">\n<figure class=\"wp-block-image size-full is-resized\"><img decoding=\"async\" src=\"https:\/\/employmenthero.com\/uk\/wp-content\/uploads\/sites\/2\/2025\/03\/EH-Horizontal-Logo-Black-cropped.svg\" alt=\"\" class=\"wp-image-31780\" style=\"width:271px;height:auto\"\/><\/figure>\n<\/div>\n\n\n\n<div class=\"wp-block-columns are-vertically-aligned-top is-layout-flex wp-container-core-columns-is-layout-1 wp-block-columns-is-layout-flex\" style=\"padding-top:var(--wp--preset--spacing--6);padding-right:var(--wp--preset--spacing--6);padding-left:var(--wp--preset--spacing--6)\">\n<div class=\"wp-block-column is-vertically-aligned-top is-layout-flow wp-block-column-is-layout-flow\" style=\"flex-basis:60%\">\n<h1 class=\"wp-block-heading post-title-style\">Nouvelle ann\u00e9e. Nouvelle offre. Con\u00e7ue pour le Qu\u00e9bec.<\/h1>\n\n\n\n<p><em>P\u00e9riode de l\u2019offre : 1er au 28 janvier 2026<\/em><\/p>\n\n\n\n<div class=\"wp-block-group has-global-padding is-layout-constrained wp-container-core-group-is-layout-3 wp-block-group-is-layout-constrained\">\n<div class=\"wp-block-group hero-landing-with-form-sub-text-desktop has-global-padding is-layout-constrained wp-container-core-group-is-layout-2 wp-block-group-is-layout-constrained\" style=\"padding-top:var(--wp--preset--spacing--6)\">\n<p class=\"has-paragraph-2-m-font-size\">La gestion des RH et de la paie au Qu\u00e9bec est d\u00e9j\u00e0 assez complexe. Employment Hero offre une solution simple pour all\u00e9ger les t\u00e2ches administratives, tout en respectant les exigences r\u00e9glementaires du Qu\u00e9bec.<\/p>\n\n\n\n<figure class=\"wp-block-image size-full\"><img loading=\"lazy\" decoding=\"async\" width=\"656\" height=\"370\" src=\"https:\/\/employmenthero.com\/fr-ca\/wp-content\/uploads\/sites\/7\/2026\/01\/LP_656x370_Headline-1-V1-1.webp\" alt=\"Nouvelle ann\u00e9e. Nouvelle offre. Con\u00e7ue pour le Qu\u00e9bec. thumbnail\" class=\"wp-image-1596\" srcset=\"https:\/\/employmenthero.com\/fr-ca\/wp-content\/uploads\/sites\/7\/2026\/01\/LP_656x370_Headline-1-V1-1.webp 656w, https:\/\/employmenthero.com\/fr-ca\/wp-content\/uploads\/sites\/7\/2026\/01\/LP_656x370_Headline-1-V1-1-300x169.webp 300w, https:\/\/employmenthero.com\/fr-ca\/wp-content\/uploads\/sites\/7\/2026\/01\/LP_656x370_Headline-1-V1-1-440x248.webp 440w\" sizes=\"auto, (max-width: 656px) 100vw, 656px\" \/><\/figure>\n\n\n\n<p class=\"has-paragraph-2-m-font-size\">Offre de janvier pour les entreprises \u00e9tablies au Qu\u00e9bec<br><em>(y compris les entreprises ayant des employ\u00e9s au Qu\u00e9bec)<\/em><\/p>\n\n\n\n<p class=\"has-paragraph-2-m-font-size\">Deux options pour \u00e9conomiser :<\/p>\n\n\n\n<ul class=\"wp-block-list is-style-checkmark\">\n<li class=\"has-paragraph-2-m-font-size\">10 % de rabais sur votre abonnement<br>OU<\/li>\n\n\n\n<li class=\"has-paragraph-2-m-font-size\">15 % de rabais \u00e0 l\u2019achat de trois modules ou plus<\/li>\n<\/ul>\n\n\n\n<p class=\"has-paragraph-2-m-font-size\">Les deux options comprennent :<\/p>\n\n\n\n<ul class=\"wp-block-list is-style-checkmark\">\n<li class=\"has-paragraph-2-m-font-size\">2 mois gratuits<\/li>\n\n\n\n<li class=\"has-paragraph-2-m-font-size\">Mise en \u0153uvre gratuite<\/li>\n<\/ul>\n<\/div>\n\n\n\n<p class=\"has-violet-500-color has-text-color has-link-color wp-elements-d720e805a323d0f80c93e374abae8cbc\"><a href=\"https:\/\/employmenthero.com\/fr-ca\/qc\/legals\/a-propos-de-la-promotion\/\">T&amp;Cs apply.<\/a><\/p>\n<\/div>\n<\/div>\n\n\n\n<div class=\"wp-block-column is-vertically-aligned-top is-layout-flow wp-block-column-is-layout-flow\" style=\"flex-basis:40%\">\n<div id=\"form\" class=\"wp-block-group form-v2-violet-box-shadow-pattern is-layout-flow wp-block-group-is-layout-flow\">\n\n<div class=\"wp-block-employmentherocom2025-marketo-form-v2 is-layout-flow wp-block-marketo-form-v2-is-layout-flow\">\n                                                            <section class=\"eh_marketo_form-title-section eh_marketo_form-title-section--small\" aria-labelledby=\"marketo-form-title\">\n        <div class=\"eh_marketo_form-title-container\">\n                                        <h2 id=\"marketo-form-title\" class=\"eh_marketo_form-title\">Profitez de mon offre de janvier<\/h2>\n                    <\/div>\n            <\/section>\n                            <div class=\"eh_marketo_form-container_v2\" data-marketo-form=\"{&quot;is_multi_steps&quot;:false,&quot;form_data&quot;:[{&quot;base_url&quot;:&quot;\/\/hr.employmenthero.io&quot;,&quot;munchkin_id&quot;:&quot;387-SZZ-170&quot;,&quot;form_id&quot;:&quot;4566&quot;,&quot;css_classes&quot;:&quot;&quot;}],&quot;submit_text&quot;:&quot;&quot;,&quot;success_handling_method&quot;:&quot;thank_you_page&quot;,&quot;redirect_url&quot;:&quot;&quot;,&quot;thank_you_message&quot;:&quot;&quot;,&quot;add_lead_linking_id&quot;:false,&quot;add_drift_campaign_id&quot;:false,&quot;drift_campaign_id&quot;:&quot;&quot;,&quot;thank_you_page_id&quot;:&quot;&quot;,&quot;thank_you_page_url&quot;:&quot;https:\/\/employmenthero.com\/fr-ca\/?post_type=page&amp;p=1588&amp;origin=nouvelle-annee-nouvelle-offre-concue-pour-le-quebec&amp;origin_id=kkwAxnCbqDUv2bofJYoS3tpQK68Rki5w0fsnahsPJHVF9vHs6HbD0lH9gJpCyX9Jlf5ZJN4DxYVdv0S8bHegVA%3D%3D&quot;,&quot;progress_indicator_type&quot;:&quot;progress-bar&quot;,&quot;enable_revenue_hero&quot;:false,&quot;revenue_hero_router_id&quot;:&quot;4668&quot;,&quot;revenue_hero_thank_you_message&quot;:&quot;Thank you for booking!&quot;}\"><\/div>\n                                <\/div>\n<\/div>\n<\/div>\n\n\n\n<div class=\"wp-block-column hero-landing-with-form-sub-text-tablet is-layout-flow wp-block-column-is-layout-flow\">\n<div class=\"wp-block-group has-global-padding is-layout-constrained wp-container-core-group-is-layout-6 wp-block-group-is-layout-constrained\">\n<p class=\"has-lg-font-size\">Whether you lead a business, manage HR or run payroll, the message is the same: <strong>2026 starts now.<\/strong><\/p>\n\n\n\n<p class=\"has-lg-font-size\"><a href=\"https:\/\/employmenthero.com\/payday-super\/\"><strong>Payday Super<\/strong><\/a> is set to change how every business handles payroll and superannuation &#8211; and waiting to adapt will only make the transition harder. Acting early means clarity, confidence and control.<\/p>\n\n\n\n<p class=\"has-lg-font-size\">The <strong>Hero Head Start Offer<\/strong> is your opportunity to take charge before the change.<\/p>\n\n\n\n<p class=\"has-lg-font-size\">With <strong>Employment Hero<\/strong>, you can unify HR, payroll, recruitment and super in one seamless platform &#8211; built to help Australian businesses stay ready, agile and ahead.<\/p>\n\n\n\n<p class=\"has-lg-font-size\">Sign up before <strong>26 November<\/strong>, and you\u2019ll get <strong>4 months free<\/strong> and <strong>50% off implementation<\/strong> &#8211; everything you need to move faster while others are still catching up.<\/p>\n\n\n\n<div class=\"wp-block-group has-global-padding is-layout-constrained wp-block-group-is-layout-constrained\" style=\"padding-top:var(--wp--preset--spacing--6);padding-bottom:var(--wp--preset--spacing--6)\">\n<ul class=\"wp-block-list is-style-checkmark\">\n<li><strong>Get ahead of admin<br><\/strong>Cut through the clutter and free your team to focus on strategy, not spreadsheets.<\/li>\n\n\n\n<li><strong>Stay ready for reform<br><\/strong>With <strong>Payday Super<\/strong> and other compliance changes on the horizon, simplify operations and reduce risk before new requirements take effect.<\/li>\n\n\n\n<li><strong>Hire faster, hire smarter<br><\/strong>Find and onboard great talent quickly &#8211; while others are still trying to catch up.<\/li>\n\n\n\n<li><strong>Empower your people<br><\/strong>Deliver an experience that makes every employee feel supported, valued and ready to perform.<\/li>\n\n\n\n<li><strong>Grow without limits<br><\/strong>One platform that scales seamlessly with your team, ambitions and success.<\/li>\n<\/ul>\n<\/div>\n<\/div>\n<\/div>\n<\/div>\n<\/div>\n\n\n\n<div class=\"wp-block-group alignfull has-global-padding is-layout-constrained wp-block-group-is-layout-constrained\">\n<div class=\"wp-block-employmentherocom2025-reviews-condensed\"><div class=\"banner-reviews\"><div class=\"banner-reviews__capterra-rating\"><div class=\"banner-reviews__logo-wrapper\"><img decoding=\"async\" class=\"banner-reviews__logo\" src=\"\/wp-content\/themes\/employmentherocom2025\/assets\/images\/capterra-284x68.png\" alt=\"Capterra\"\/><\/div><div class=\"banner-reviews__rating\"><div class=\"star-ratings\" title=\"4.5 Stars\" style=\"position:relative;box-sizing:border-box;display:flex\"><svg class=\"star-grad\" style=\"position:absolute;z-index:0;width:0;height:0;visibility:hidden\"><defs><linearGradient id=\"save-banner-reviews-4.5-4-5-50\" x1=\"0%\" y1=\"0%\" x2=\"100%\" y2=\"0%\"><stop offset=\"0%\" class=\"stop-color-first\" style=\"stop-color:black;stop-opacity:1\"><\/stop><stop offset=\"50%\" class=\"stop-color-first\" style=\"stop-color:black;stop-opacity:1\"><\/stop><stop offset=\"50%\" class=\"stop-color-final\" style=\"stop-color:white;stop-opacity:1\"><\/stop><stop offset=\"100%\" class=\"stop-color-final\" style=\"stop-color:white;stop-opacity:1\"><\/stop><\/linearGradient><\/defs><\/svg><div class=\"star-container\" style=\"position:relative;display:inline-block;vertical-align:middle;padding-left:0;padding-right:2px\"><svg viewBox=\"0 0 48 48\" class=\"widget-svg \" style=\"width:24px;height:24px;transition:transform .2s ease-in-out\"><path class=\"star\" style=\"fill:black;transition:fill .2s ease-in-out\" d=\"M24 13.7 m0 22.85-9.3 5.6q-.4.25-.85.225-.45-.025-.8-.275-.35-.25-.525-.65-.175-.4-.075-.9l2.45-10.6-8.2-7.15q-.4-.35-.475-.775-.075-.425.025-.825.1-.4.45-.675t.85-.325l10.85-.95 4.2-10q.2-.45.6-.675.4-.225.8-.225t.8.225q.4.225.6.675l4.2 10 10.85.95q.5.05.85.325t.45.675q.1.4.025.825-.075.425-.475.775l-8.2 7.15 2.45 10.6q.1.5-.075.9t-.525.65q-.35.25-.8.275-.45.025-.85-.225Z\" stroke=\"black\" stroke-width=\"2px\"><\/path><\/svg><\/div><div class=\"star-container\" style=\"position:relative;display:inline-block;vertical-align:middle;padding-left:2px;padding-right:2px\"><svg viewBox=\"0 0 48 48\" class=\"widget-svg \" style=\"width:24px;height:24px;transition:transform .2s ease-in-out\"><path class=\"star\" style=\"fill:black;transition:fill .2s ease-in-out\" d=\"M24 13.7 m0 22.85-9.3 5.6q-.4.25-.85.225-.45-.025-.8-.275-.35-.25-.525-.65-.175-.4-.075-.9l2.45-10.6-8.2-7.15q-.4-.35-.475-.775-.075-.425.025-.825.1-.4.45-.675t.85-.325l10.85-.95 4.2-10q.2-.45.6-.675.4-.225.8-.225t.8.225q.4.225.6.675l4.2 10 10.85.95q.5.05.85.325t.45.675q.1.4.025.825-.075.425-.475.775l-8.2 7.15 2.45 10.6q.1.5-.075.9t-.525.65q-.35.25-.8.275-.45.025-.85-.225Z\" stroke=\"black\" stroke-width=\"2px\"><\/path><\/svg><\/div><div class=\"star-container\" style=\"position:relative;display:inline-block;vertical-align:middle;padding-left:2px;padding-right:2px\"><svg viewBox=\"0 0 48 48\" class=\"widget-svg \" style=\"width:24px;height:24px;transition:transform .2s ease-in-out\"><path class=\"star\" style=\"fill:black;transition:fill .2s ease-in-out\" d=\"M24 13.7 m0 22.85-9.3 5.6q-.4.25-.85.225-.45-.025-.8-.275-.35-.25-.525-.65-.175-.4-.075-.9l2.45-10.6-8.2-7.15q-.4-.35-.475-.775-.075-.425.025-.825.1-.4.45-.675t.85-.325l10.85-.95 4.2-10q.2-.45.6-.675.4-.225.8-.225t.8.225q.4.225.6.675l4.2 10 10.85.95q.5.05.85.325t.45.675q.1.4.025.825-.075.425-.475.775l-8.2 7.15 2.45 10.6q.1.5-.075.9t-.525.65q-.35.25-.8.275-.45.025-.85-.225Z\" stroke=\"black\" stroke-width=\"2px\"><\/path><\/svg><\/div><div class=\"star-container\" style=\"position:relative;display:inline-block;vertical-align:middle;padding-left:2px;padding-right:2px\"><svg viewBox=\"0 0 48 48\" class=\"widget-svg \" style=\"width:24px;height:24px;transition:transform .2s ease-in-out\"><path class=\"star\" style=\"fill:black;transition:fill .2s ease-in-out\" d=\"M24 13.7 m0 22.85-9.3 5.6q-.4.25-.85.225-.45-.025-.8-.275-.35-.25-.525-.65-.175-.4-.075-.9l2.45-10.6-8.2-7.15q-.4-.35-.475-.775-.075-.425.025-.825.1-.4.45-.675t.85-.325l10.85-.95 4.2-10q.2-.45.6-.675.4-.225.8-.225t.8.225q.4.225.6.675l4.2 10 10.85.95q.5.05.85.325t.45.675q.1.4.025.825-.075.425-.475.775l-8.2 7.15 2.45 10.6q.1.5-.075.9t-.525.65q-.35.25-.8.275-.45.025-.85-.225Z\" stroke=\"black\" stroke-width=\"2px\"><\/path><\/svg><\/div><div class=\"star-container\" style=\"position:relative;display:inline-block;vertical-align:middle;padding-left:2px;padding-right:0\"><svg viewBox=\"0 0 48 48\" class=\"widget-svg multi-widget-selected\" style=\"width:24px;height:24px;transition:transform .2s ease-in-out\"><path class=\"star\" style=\"fill:url('#save-banner-reviews-4.5-4-5-50');transition:fill .2s ease-in-out\" d=\"M24 13.7 m0 22.85-9.3 5.6q-.4.25-.85.225-.45-.025-.8-.275-.35-.25-.525-.65-.175-.4-.075-.9l2.45-10.6-8.2-7.15q-.4-.35-.475-.775-.075-.425.025-.825.1-.4.45-.675t.85-.325l10.85-.95 4.2-10q.2-.45.6-.675.4-.225.8-.225t.8.225q.4.225.6.675l4.2 10 10.85.95q.5.05.85.325t.45.675q.1.4.025.825-.075.425-.475.775l-8.2 7.15 2.45 10.6q.1.5-.075.9t-.525.65q-.35.25-.8.275-.45.025-.85-.225Z\" stroke=\"black\" stroke-width=\"2px\"><\/path><\/svg><\/div><\/div><p class=\"banner-reviews__text\">Customers rate us 4.5<\/p><\/div><\/div><div class=\"banner-reviews__trustpilot\" id=\"trustbox\" data-locale=\"en-AU\" data-template-id=\"5419b732fbfb950b10de65e5\" data-businessunit-id=\"5fc1c215aebbd30001f9cebb\" data-style-height=\"24px\" data-style-width=\"100%\" data-theme=\"light\"><a href=\"https:\/\/au.trustpilot.com\/review\/employmenthero.com\" target=\"_blank\" rel=\"noopener\">Trustpilot<\/a><\/div><div class=\"banner-reviews__g2\"><a href=\"https:\/\/www.g2.com\/products\/employment-hero\/reviews?utm_source=review-widget\" title=\"Read reviews of Employment Hero on G2\"><img decoding=\"async\" style=\"max-width:104px\" alt=\"Read Employment Hero reviews on G2\" src=\"https:\/\/www.g2.com\/products\/employment-hero\/widgets\/stars?color=white&amp;type=read\"\/><\/a><\/div><\/div><\/div>\n<\/div>\n\n\n\n<div class=\"wp-block-group alignfull has-global-padding is-layout-constrained wp-block-group-is-layout-constrained\">\n<style>.eh-faq__bg-light{background-color:rgba(0,0,0,0)}.eh-faq__bg-dark{background-color:rgba(0,0,0,0)}<\/style>\n<\/div>\n\n\n\n<section class=\"wp-block-group alignfull has-light-violet-500-background-color has-background has-global-padding is-layout-constrained wp-block-group-is-layout-constrained\" style=\"padding-bottom:0\">\n<div class=\"wp-block-group is-layout-flow wp-block-group-is-layout-flow\" style=\"padding-top:var(--wp--preset--spacing--20);padding-right:var(--wp--preset--spacing--6);padding-bottom:0;padding-left:var(--wp--preset--spacing--6)\">\n<div class=\"wp-block-group has-global-padding is-layout-constrained wp-container-core-group-is-layout-11 wp-block-group-is-layout-constrained\" style=\"margin-top:0;margin-bottom:0\">\n<div class=\"wp-block-group is-layout-flow wp-block-group-is-layout-flow\" style=\"padding-top:0;padding-right:0;padding-left:0\">\n<h2 class=\"wp-block-heading has-text-align-center has-white-color has-text-color has-link-color has-heading-2-2-xl-font-size wp-elements-c0becdfbaa408eaa1b50a38c428af795\" style=\"padding-bottom:var(--wp--preset--spacing--8);letter-spacing:-0.0125rem\">&nbsp;Passez \u00e0 une solution de gestion des RH et de la paie con\u00e7ue pour le Qu\u00e9bec.<\/h2>\n\n\n\n<p class=\"has-text-align-center has-white-color has-text-color has-link-color has-paragraph-2-m-font-size wp-elements-7e24335c3c4ab7162c09b07d35221fee\" style=\"padding-top:0;padding-bottom:var(--wp--preset--spacing--8)\">Prise en main facile. Tracas administratifs minimis\u00e9s. Con\u00e7ue pour l\u2019emploi au Qu\u00e9bec.<br><span id=\"docs-internal-guid-a9a58738-7fff-37d9-4ba1-b14adde78822\"><\/span><\/p>\n<\/div>\n\n\n\n<div class=\"wp-block-buttons is-content-justification-center is-layout-flex wp-container-core-buttons-is-layout-1 wp-block-buttons-is-layout-flex\" style=\"margin-top:0;margin-bottom:var(--wp--preset--spacing--8)\">\n<div class=\"wp-block-button is-style-fill\"><a class=\"wp-block-button__link has-btn-neon-green-background-color has-background wp-element-button\" href=\"#form\">R\u00e9servez une d\u00e9monstration d\u00e8s maintenant<\/a><\/div>\n<\/div>\n\n\n\n<p class=\"has-text-align-center has-white-color has-text-color has-link-color wp-elements-7f154e25d65f69c11bbc3f70027ff19a\"><em>*Offre valable jusqu\u2019au 28 janvier*<\/em><\/p>\n\n\n\n<figure class=\"wp-block-image size-full\"><img decoding=\"async\" src=\"https:\/\/employmenthero.com\/wp-content\/uploads\/2025\/06\/EmploymentOS.png\" alt=\"\" class=\"wp-image-53970\"\/><\/figure>\n<\/div>\n<\/div>\n<\/section>\n","protected":false},"excerpt":{"rendered":"<p>Nouvelle ann\u00e9e. Nouvelle offre. Con\u00e7ue pour le Qu\u00e9bec. P\u00e9riode de l\u2019offre : 1er au 28 janvier 2026 La gestion des RH et de la paie au Qu\u00e9bec est d\u00e9j\u00e0 assez complexe. Employment Hero offre une solution simple pour all\u00e9ger les t\u00e2ches administratives, tout en respectant les exigences r\u00e9glementaires du Qu\u00e9bec. Offre de janvier pour les [&hellip;]<\/p>\n","protected":false},"author":10,"featured_media":1596,"parent":17,"menu_order":0,"comment_status":"closed","ping_status":"closed","template":"","meta":{"inline_featured_image":false,"_lite_auth_enabled":false,"_lite_auth_trigger_method":"scroll","_lite_auth_scroll_percent":25,"_lite_auth_click_element_query":"","footnotes":""},"class_list":["post-1588","page","type-page","status-publish","has-post-thumbnail","hentry"],"_links":{"self":[{"href":"https:\/\/employmenthero.com\/fr-ca\/wp-json\/wp\/v2\/pages\/1588","targetHints":{"allow":["GET"]}}],"collection":[{"href":"https:\/\/employmenthero.com\/fr-ca\/wp-json\/wp\/v2\/pages"}],"about":[{"href":"https:\/\/employmenthero.com\/fr-ca\/wp-json\/wp\/v2\/types\/page"}],"author":[{"embeddable":true,"href":"https:\/\/employmenthero.com\/fr-ca\/wp-json\/wp\/v2\/users\/10"}],"replies":[{"embeddable":true,"href":"https:\/\/employmenthero.com\/fr-ca\/wp-json\/wp\/v2\/comments?post=1588"}],"version-history":[{"count":5,"href":"https:\/\/employmenthero.com\/fr-ca\/wp-json\/wp\/v2\/pages\/1588\/revisions"}],"predecessor-version":[{"id":1598,"href":"https:\/\/employmenthero.com\/fr-ca\/wp-json\/wp\/v2\/pages\/1588\/revisions\/1598"}],"up":[{"embeddable":true,"href":"https:\/\/employmenthero.com\/fr-ca\/wp-json\/wp\/v2\/pages\/17"}],"wp:featuredmedia":[{"embeddable":true,"href":"https:\/\/employmenthero.com\/fr-ca\/wp-json\/wp\/v2\/media\/1596"}],"wp:attachment":[{"href":"https:\/\/employmenthero.com\/fr-ca\/wp-json\/wp\/v2\/media?parent=1588"}],"curies":[{"name":"wp","href":"https:\/\/api.w.org\/{rel}","templated":true}]}}