{"id":1329,"date":"2025-12-01T08:00:00","date_gmt":"2025-12-01T13:00:00","guid":{"rendered":"https:\/\/employmenthero.com\/fr-ca\/?page_id=1329"},"modified":"2026-01-09T03:01:08","modified_gmt":"2026-01-09T08:01:08","slug":"obtenez-davantage-sans-augmenter-vos-couts","status":"publish","type":"page","link":"https:\/\/employmenthero.com\/fr-ca\/qc\/obtenez-davantage-sans-augmenter-vos-couts\/","title":{"rendered":"Obtenez davantage sans augmenter vos co\u00fbts"},"content":{"rendered":"\n<div class=\"wp-block-group alignfull hero-landing-with-form-wrapper has-global-padding is-layout-constrained wp-container-core-group-is-layout-6 wp-block-group-is-layout-constrained\" id=\"form\" style=\"padding-top:var(--wp--preset--spacing--6);padding-right:0;padding-bottom:var(--wp--preset--spacing--6);padding-left:0\">\n<div class=\"wp-block-group is-content-justification-space-between is-nowrap is-layout-flex wp-container-core-group-is-layout-1 wp-block-group-is-layout-flex\" style=\"padding-right:var(--wp--preset--spacing--6);padding-left:var(--wp--preset--spacing--6)\">\n<figure class=\"wp-block-image size-full is-resized\"><img decoding=\"async\" src=\"https:\/\/employmenthero.com\/uk\/wp-content\/uploads\/sites\/2\/2025\/03\/EH-Horizontal-Logo-Black-cropped.svg\" alt=\"\" class=\"wp-image-31780\" style=\"width:271px;height:auto\"\/><\/figure>\n<\/div>\n\n\n\n<div class=\"wp-block-columns are-vertically-aligned-top is-layout-flex wp-container-core-columns-is-layout-1 wp-block-columns-is-layout-flex\" style=\"padding-top:var(--wp--preset--spacing--6);padding-right:var(--wp--preset--spacing--6);padding-left:var(--wp--preset--spacing--6)\">\n<div class=\"wp-block-column is-vertically-aligned-top is-layout-flow wp-block-column-is-layout-flow\" style=\"flex-basis:60%\">\n<h1 class=\"wp-block-heading post-title-style\">Obtenez davantage sans augmenter vos co\u00fbts<\/h1>\n\n\n\n<div class=\"wp-block-group has-global-padding is-layout-constrained wp-container-core-group-is-layout-3 wp-block-group-is-layout-constrained\">\n<div class=\"wp-block-group hero-landing-with-form-sub-text-desktop has-global-padding is-layout-constrained wp-container-core-group-is-layout-2 wp-block-group-is-layout-constrained\" style=\"padding-top:var(--wp--preset--spacing--6)\">\n<p class=\"has-paragraph-2-m-font-size\">Vous m\u00e9ritez un syst\u00e8me de gestion des RH et de la paie qui vous permet r\u00e9ellement de gagner du temps. Une plateforme sp\u00e9cialement con\u00e7ue pour r\u00e9pondre aux exigences r\u00e9glementaires canadiennes et all\u00e9ger votre charge de travail, et non l\u2019alourdir. De plus, vous n\u2019aurez pas \u00e0 d\u00e9penser un sou de plus.<\/p>\n\n\n\n<p class=\"has-paragraph-2-m-font-size\"><strong>Faites-nous part de votre tarif actuel ou d&#8217;un devis de concurrent. Vous profiterez alors de l&#8217;une des offres suivantes :<\/strong><\/p>\n\n\n\n<figure class=\"wp-block-image aligncenter size-full is-resized has-custom-border\"><img loading=\"lazy\" decoding=\"async\" width=\"656\" height=\"370\" src=\"https:\/\/employmenthero.com\/fr-ca\/wp-content\/uploads\/sites\/7\/2025\/11\/FR_LP_656x370_Headline-2-V1.webp\" alt=\"\" class=\"wp-image-1336\" style=\"border-radius:0px;object-fit:cover;width:734px;height:auto\" srcset=\"https:\/\/employmenthero.com\/fr-ca\/wp-content\/uploads\/sites\/7\/2025\/11\/FR_LP_656x370_Headline-2-V1.webp 656w, https:\/\/employmenthero.com\/fr-ca\/wp-content\/uploads\/sites\/7\/2025\/11\/FR_LP_656x370_Headline-2-V1-300x169.webp 300w, https:\/\/employmenthero.com\/fr-ca\/wp-content\/uploads\/sites\/7\/2025\/11\/FR_LP_656x370_Headline-2-V1-440x248.webp 440w\" sizes=\"auto, (max-width: 656px) 100vw, 656px\" \/><\/figure>\n\n\n\n<h4 class=\"wp-block-heading\"><strong>Alignement de prix<\/strong><\/h4>\n\n\n\n<p>ous passez d&#8217;un concurrent direct? Nous vous offrirons le m\u00eame tarif que vous payez actuellement. M\u00eame co\u00fbt. Plus de fonctionnalit\u00e9s. Meilleur soutien.<\/p>\n\n\n\n<h4 class=\"wp-block-heading\"><strong>O<\/strong>u<\/h4>\n\n\n\n<figure class=\"wp-block-image size-full is-resized\"><img loading=\"lazy\" decoding=\"async\" width=\"656\" height=\"370\" src=\"https:\/\/employmenthero.com\/fr-ca\/wp-content\/uploads\/sites\/7\/2025\/11\/FR_LP_656x370_Headline-1-V1.webp\" alt=\"\" class=\"wp-image-1338\" style=\"width:734px\" srcset=\"https:\/\/employmenthero.com\/fr-ca\/wp-content\/uploads\/sites\/7\/2025\/11\/FR_LP_656x370_Headline-1-V1.webp 656w, https:\/\/employmenthero.com\/fr-ca\/wp-content\/uploads\/sites\/7\/2025\/11\/FR_LP_656x370_Headline-1-V1-300x169.webp 300w, https:\/\/employmenthero.com\/fr-ca\/wp-content\/uploads\/sites\/7\/2025\/11\/FR_LP_656x370_Headline-1-V1-440x248.webp 440w\" sizes=\"auto, (max-width: 656px) 100vw, 656px\" \/><\/figure>\n\n\n\n<h4 class=\"wp-block-heading\"><strong>\u00c9conomisez 10 %<\/strong><\/h4>\n\n\n\n<p>Vous avez re\u00e7u un devis d&#8217;un concurrent? Nous vous offrirons un rabais de 10 %.<\/p>\n\n\n\n<p><strong><em>Inscrivez-vous avant le 19 d\u00e9cembre et b\u00e9n\u00e9ficiez de deux mois gratuits en prime.<\/em><\/strong><\/p>\n\n\n\n<p>Commencez l&#8217;ann\u00e9e 2026 avec une plus grande marge de man\u0153uvre dans votre budget et moins de t\u00e2ches de RH ennuyeuses.<\/p>\n\n\n\n<p><a href=\"https:\/\/employmenthero.com\/fr-ca\/legals\/modalites-de-la-promotion-de-decembre\/\">Modalit\u00e9s et conditions s\u2019appliquent.<\/a><\/p>\n<\/div>\n<\/div>\n<\/div>\n\n\n\n<div class=\"wp-block-column is-vertically-aligned-top is-layout-flow wp-block-column-is-layout-flow\" style=\"flex-basis:40%\">\n<div id=\"form\" class=\"wp-block-group form-v2-violet-box-shadow-pattern is-layout-flow wp-block-group-is-layout-flow\">\n\n<div class=\"wp-block-employmentherocom2025-marketo-form-v2 is-layout-flow wp-block-marketo-form-v2-is-layout-flow\">\n                                                            <section class=\"eh_marketo_form-title-section eh_marketo_form-title-section--small\" aria-labelledby=\"marketo-form-title\">\n        <div class=\"eh_marketo_form-title-container\">\n                                        <h2 id=\"marketo-form-title\" class=\"eh_marketo_form-title\">Profiter de mon offre de d\u00e9cembre<\/h2>\n                    <\/div>\n            <\/section>\n                            <div class=\"eh_marketo_form-container_v2\" data-marketo-form=\"{&quot;is_multi_steps&quot;:false,&quot;form_data&quot;:[{&quot;base_url&quot;:&quot;\/\/hr.employmenthero.io&quot;,&quot;munchkin_id&quot;:&quot;387-SZZ-170&quot;,&quot;form_id&quot;:&quot;4566&quot;,&quot;css_classes&quot;:&quot;&quot;}],&quot;submit_text&quot;:&quot;&quot;,&quot;success_handling_method&quot;:&quot;thank_you_page&quot;,&quot;redirect_url&quot;:&quot;&quot;,&quot;thank_you_message&quot;:&quot;&quot;,&quot;add_lead_linking_id&quot;:false,&quot;add_drift_campaign_id&quot;:false,&quot;drift_campaign_id&quot;:&quot;&quot;,&quot;thank_you_page_id&quot;:&quot;&quot;,&quot;thank_you_page_url&quot;:&quot;https:\/\/employmenthero.com\/fr-ca\/?post_type=page&amp;p=1329&amp;origin=obtenez-davantage-sans-augmenter-vos-couts&amp;origin_id=a4q3ECeTEU3MvoLMfkI3a2qtw%2FNLiJN1Lq07aSXhmN7%2BvaB2uzVIJsX5EFY1lS7%2BJ5gCaBpSdLt%2BekqGG8ug4g%3D%3D&quot;,&quot;progress_indicator_type&quot;:&quot;progress-bar&quot;,&quot;enable_revenue_hero&quot;:false,&quot;revenue_hero_router_id&quot;:&quot;4668&quot;,&quot;revenue_hero_thank_you_message&quot;:&quot;Thank you for booking!&quot;}\"><\/div>\n                                <\/div>\n<\/div>\n<\/div>\n\n\n\n<div class=\"wp-block-column hero-landing-with-form-sub-text-tablet is-layout-flow wp-block-column-is-layout-flow\">\n<div class=\"wp-block-group has-global-padding is-layout-constrained wp-container-core-group-is-layout-5 wp-block-group-is-layout-constrained\">\n<p class=\"has-lg-font-size\" style=\"padding-top:var(--wp--preset--spacing--6)\">Vous m\u00e9ritez un syst\u00e8me de gestion des RH et de la paie qui vous permet r\u00e9ellement de gagner du temps. Une plateforme sp\u00e9cialement con\u00e7ue pour r\u00e9pondre aux exigences r\u00e9glementaires canadiennes et all\u00e9ger votre charge de travail, et non l\u2019alourdir. De plus, vous n\u2019aurez pas \u00e0 d\u00e9penser un sou de plus.<\/p>\n\n\n\n<p class=\"has-paragraph-1-l-font-size\"><strong>Faites-nous part de votre tarif actuel ou d&#8217;un devis de concurrent. Vous profiterez alors de l&#8217;une des offres suivantes :<\/strong><\/p>\n\n\n\n<figure class=\"wp-block-image aligncenter size-full has-custom-border\"><img loading=\"lazy\" decoding=\"async\" width=\"656\" height=\"370\" src=\"https:\/\/employmenthero.com\/fr-ca\/wp-content\/uploads\/sites\/7\/2025\/11\/FR_LP_656x370_Headline-2-V1.webp\" alt=\"\" class=\"wp-image-1336\" style=\"border-radius:0px;object-fit:cover\" srcset=\"https:\/\/employmenthero.com\/fr-ca\/wp-content\/uploads\/sites\/7\/2025\/11\/FR_LP_656x370_Headline-2-V1.webp 656w, https:\/\/employmenthero.com\/fr-ca\/wp-content\/uploads\/sites\/7\/2025\/11\/FR_LP_656x370_Headline-2-V1-300x169.webp 300w, https:\/\/employmenthero.com\/fr-ca\/wp-content\/uploads\/sites\/7\/2025\/11\/FR_LP_656x370_Headline-2-V1-440x248.webp 440w\" sizes=\"auto, (max-width: 656px) 100vw, 656px\" \/><\/figure>\n\n\n\n<h4 class=\"wp-block-heading\"><strong>Alignement de prix<\/strong><\/h4>\n\n\n\n<p class=\"has-paragraph-1-l-font-size\">ous passez d&#8217;un concurrent direct? Nous vous offrirons le m\u00eame tarif que vous payez actuellement. M\u00eame co\u00fbt. Plus de fonctionnalit\u00e9s. Meilleur soutien.<\/p>\n\n\n\n<h4 class=\"wp-block-heading\"><strong>O<\/strong>u<\/h4>\n\n\n\n<figure class=\"wp-block-image size-full\"><img loading=\"lazy\" decoding=\"async\" width=\"656\" height=\"370\" src=\"https:\/\/employmenthero.com\/fr-ca\/wp-content\/uploads\/sites\/7\/2025\/11\/FR_LP_656x370_Headline-1-V1.webp\" alt=\"\" class=\"wp-image-1338\" style=\"object-fit:cover\" srcset=\"https:\/\/employmenthero.com\/fr-ca\/wp-content\/uploads\/sites\/7\/2025\/11\/FR_LP_656x370_Headline-1-V1.webp 656w, https:\/\/employmenthero.com\/fr-ca\/wp-content\/uploads\/sites\/7\/2025\/11\/FR_LP_656x370_Headline-1-V1-300x169.webp 300w, https:\/\/employmenthero.com\/fr-ca\/wp-content\/uploads\/sites\/7\/2025\/11\/FR_LP_656x370_Headline-1-V1-440x248.webp 440w\" sizes=\"auto, (max-width: 656px) 100vw, 656px\" \/><\/figure>\n\n\n\n<h4 class=\"wp-block-heading\"><strong>\u00c9conomisez 10 %<\/strong><\/h4>\n\n\n\n<p class=\"has-paragraph-1-l-font-size\">Vous avez re\u00e7u un devis d&#8217;un concurrent? Nous vous offrirons un rabais de 10 %.<\/p>\n\n\n\n<p class=\"has-paragraph-1-l-font-size\"><strong><em>Inscrivez-vous avant le 19 d\u00e9cembre et b\u00e9n\u00e9ficiez de deux mois gratuits en prime.<\/em><\/strong><\/p>\n\n\n\n<p class=\"has-paragraph-1-l-font-size\">Commencez l&#8217;ann\u00e9e 2026 avec une plus grande marge de man\u0153uvre dans votre budget et moins de t\u00e2ches de RH ennuyeuses.<\/p>\n\n\n\n<p class=\"has-paragraph-1-l-font-size\"><a href=\"https:\/\/employmenthero.com\/fr-ca\/legals\/modalites-de-la-promotion-de-decembre\/\">Modalit\u00e9s et conditions s\u2019appliquent.<\/a><\/p>\n<\/div>\n<\/div>\n<\/div>\n<\/div>\n\n\n\n<div class=\"wp-block-group alignfull has-global-padding is-layout-constrained wp-block-group-is-layout-constrained\">\n<div class=\"wp-block-employmentherocom2025-reviews-condensed\"><div class=\"banner-reviews\"><div class=\"banner-reviews__capterra-rating\"><div class=\"banner-reviews__logo-wrapper\"><img decoding=\"async\" class=\"banner-reviews__logo\" src=\"\/wp-content\/themes\/employmentherocom2025\/assets\/images\/capterra-284x68.png\" alt=\"Capterra\"\/><\/div><div class=\"banner-reviews__rating\"><div class=\"star-ratings\" title=\"4.5 Stars\" style=\"position:relative;box-sizing:border-box;display:flex\"><svg class=\"star-grad\" style=\"position:absolute;z-index:0;width:0;height:0;visibility:hidden\"><defs><linearGradient id=\"save-banner-reviews-4.5-4-5-50\" x1=\"0%\" y1=\"0%\" x2=\"100%\" y2=\"0%\"><stop offset=\"0%\" class=\"stop-color-first\" style=\"stop-color:black;stop-opacity:1\"><\/stop><stop offset=\"50%\" class=\"stop-color-first\" style=\"stop-color:black;stop-opacity:1\"><\/stop><stop offset=\"50%\" class=\"stop-color-final\" style=\"stop-color:white;stop-opacity:1\"><\/stop><stop offset=\"100%\" class=\"stop-color-final\" style=\"stop-color:white;stop-opacity:1\"><\/stop><\/linearGradient><\/defs><\/svg><div class=\"star-container\" style=\"position:relative;display:inline-block;vertical-align:middle;padding-left:0;padding-right:2px\"><svg viewBox=\"0 0 48 48\" class=\"widget-svg \" style=\"width:24px;height:24px;transition:transform .2s ease-in-out\"><path class=\"star\" style=\"fill:black;transition:fill .2s ease-in-out\" d=\"M24 13.7 m0 22.85-9.3 5.6q-.4.25-.85.225-.45-.025-.8-.275-.35-.25-.525-.65-.175-.4-.075-.9l2.45-10.6-8.2-7.15q-.4-.35-.475-.775-.075-.425.025-.825.1-.4.45-.675t.85-.325l10.85-.95 4.2-10q.2-.45.6-.675.4-.225.8-.225t.8.225q.4.225.6.675l4.2 10 10.85.95q.5.05.85.325t.45.675q.1.4.025.825-.075.425-.475.775l-8.2 7.15 2.45 10.6q.1.5-.075.9t-.525.65q-.35.25-.8.275-.45.025-.85-.225Z\" stroke=\"black\" stroke-width=\"2px\"><\/path><\/svg><\/div><div class=\"star-container\" style=\"position:relative;display:inline-block;vertical-align:middle;padding-left:2px;padding-right:2px\"><svg viewBox=\"0 0 48 48\" class=\"widget-svg \" style=\"width:24px;height:24px;transition:transform .2s ease-in-out\"><path class=\"star\" style=\"fill:black;transition:fill .2s ease-in-out\" d=\"M24 13.7 m0 22.85-9.3 5.6q-.4.25-.85.225-.45-.025-.8-.275-.35-.25-.525-.65-.175-.4-.075-.9l2.45-10.6-8.2-7.15q-.4-.35-.475-.775-.075-.425.025-.825.1-.4.45-.675t.85-.325l10.85-.95 4.2-10q.2-.45.6-.675.4-.225.8-.225t.8.225q.4.225.6.675l4.2 10 10.85.95q.5.05.85.325t.45.675q.1.4.025.825-.075.425-.475.775l-8.2 7.15 2.45 10.6q.1.5-.075.9t-.525.65q-.35.25-.8.275-.45.025-.85-.225Z\" stroke=\"black\" stroke-width=\"2px\"><\/path><\/svg><\/div><div class=\"star-container\" style=\"position:relative;display:inline-block;vertical-align:middle;padding-left:2px;padding-right:2px\"><svg viewBox=\"0 0 48 48\" class=\"widget-svg \" style=\"width:24px;height:24px;transition:transform .2s ease-in-out\"><path class=\"star\" style=\"fill:black;transition:fill .2s ease-in-out\" d=\"M24 13.7 m0 22.85-9.3 5.6q-.4.25-.85.225-.45-.025-.8-.275-.35-.25-.525-.65-.175-.4-.075-.9l2.45-10.6-8.2-7.15q-.4-.35-.475-.775-.075-.425.025-.825.1-.4.45-.675t.85-.325l10.85-.95 4.2-10q.2-.45.6-.675.4-.225.8-.225t.8.225q.4.225.6.675l4.2 10 10.85.95q.5.05.85.325t.45.675q.1.4.025.825-.075.425-.475.775l-8.2 7.15 2.45 10.6q.1.5-.075.9t-.525.65q-.35.25-.8.275-.45.025-.85-.225Z\" stroke=\"black\" stroke-width=\"2px\"><\/path><\/svg><\/div><div class=\"star-container\" style=\"position:relative;display:inline-block;vertical-align:middle;padding-left:2px;padding-right:2px\"><svg viewBox=\"0 0 48 48\" class=\"widget-svg \" style=\"width:24px;height:24px;transition:transform .2s ease-in-out\"><path class=\"star\" style=\"fill:black;transition:fill .2s ease-in-out\" d=\"M24 13.7 m0 22.85-9.3 5.6q-.4.25-.85.225-.45-.025-.8-.275-.35-.25-.525-.65-.175-.4-.075-.9l2.45-10.6-8.2-7.15q-.4-.35-.475-.775-.075-.425.025-.825.1-.4.45-.675t.85-.325l10.85-.95 4.2-10q.2-.45.6-.675.4-.225.8-.225t.8.225q.4.225.6.675l4.2 10 10.85.95q.5.05.85.325t.45.675q.1.4.025.825-.075.425-.475.775l-8.2 7.15 2.45 10.6q.1.5-.075.9t-.525.65q-.35.25-.8.275-.45.025-.85-.225Z\" stroke=\"black\" stroke-width=\"2px\"><\/path><\/svg><\/div><div class=\"star-container\" style=\"position:relative;display:inline-block;vertical-align:middle;padding-left:2px;padding-right:0\"><svg viewBox=\"0 0 48 48\" class=\"widget-svg multi-widget-selected\" style=\"width:24px;height:24px;transition:transform .2s ease-in-out\"><path class=\"star\" style=\"fill:url('#save-banner-reviews-4.5-4-5-50');transition:fill .2s ease-in-out\" d=\"M24 13.7 m0 22.85-9.3 5.6q-.4.25-.85.225-.45-.025-.8-.275-.35-.25-.525-.65-.175-.4-.075-.9l2.45-10.6-8.2-7.15q-.4-.35-.475-.775-.075-.425.025-.825.1-.4.45-.675t.85-.325l10.85-.95 4.2-10q.2-.45.6-.675.4-.225.8-.225t.8.225q.4.225.6.675l4.2 10 10.85.95q.5.05.85.325t.45.675q.1.4.025.825-.075.425-.475.775l-8.2 7.15 2.45 10.6q.1.5-.075.9t-.525.65q-.35.25-.8.275-.45.025-.85-.225Z\" stroke=\"black\" stroke-width=\"2px\"><\/path><\/svg><\/div><\/div><p class=\"banner-reviews__text\">Customers rate us 4.5<\/p><\/div><\/div><div class=\"banner-reviews__trustpilot\" id=\"trustbox\" data-locale=\"en-AU\" data-template-id=\"5419b732fbfb950b10de65e5\" data-businessunit-id=\"5fc1c215aebbd30001f9cebb\" data-style-height=\"24px\" data-style-width=\"100%\" data-theme=\"light\"><a href=\"https:\/\/au.trustpilot.com\/review\/employmenthero.com\" target=\"_blank\" rel=\"noopener\">Trustpilot<\/a><\/div><div class=\"banner-reviews__g2\"><a href=\"https:\/\/www.g2.com\/products\/employment-hero\/reviews?utm_source=review-widget\" title=\"Read reviews of Employment Hero on G2\"><img decoding=\"async\" style=\"max-width:104px\" alt=\"Read Employment Hero reviews on G2\" src=\"https:\/\/www.g2.com\/products\/employment-hero\/widgets\/stars?color=white&amp;type=read\"\/><\/a><\/div><\/div><\/div>\n<\/div>\n\n\n\n<section class=\"wp-block-group alignfull has-light-violet-500-background-color has-background has-global-padding is-layout-constrained wp-block-group-is-layout-constrained\" style=\"padding-bottom:0\">\n<div class=\"wp-block-group is-layout-flow wp-block-group-is-layout-flow\" style=\"padding-top:var(--wp--preset--spacing--20);padding-right:var(--wp--preset--spacing--6);padding-bottom:0;padding-left:var(--wp--preset--spacing--6)\">\n<div class=\"wp-block-group has-global-padding is-layout-constrained wp-container-core-group-is-layout-9 wp-block-group-is-layout-constrained\" style=\"margin-top:0;margin-bottom:0\">\n<div class=\"wp-block-group is-layout-flow wp-block-group-is-layout-flow\" style=\"padding-top:0;padding-right:0;padding-left:0\">\n<h2 class=\"wp-block-heading has-text-align-center has-white-color has-text-color has-link-color has-heading-2-2-xl-font-size wp-elements-0f11214996d52a33216f1e5c1ee58ea9\" style=\"padding-bottom:var(--wp--preset--spacing--8);letter-spacing:-0.0125rem\">Souhaitez-vous amorcer l\u2019ann\u00e9e 2026 du bon pied?<\/h2>\n\n\n\n<p class=\"has-text-align-center has-white-color has-text-color has-link-color has-paragraph-2-m-font-size wp-elements-0f1cb8c21afdaba5bffe8f184f92fe4b\" style=\"padding-top:0;padding-bottom:var(--wp--preset--spacing--8)\">Optez pour une solution de RH simplifi\u00e9e en d\u00e9cembre. Nous nous occupons des d\u00e9tails, vous en tirez les b\u00e9n\u00e9fices.<br><span id=\"docs-internal-guid-a9a58738-7fff-37d9-4ba1-b14adde78822\"><\/span><\/p>\n<\/div>\n\n\n\n<div class=\"wp-block-buttons is-content-justification-center is-layout-flex wp-container-core-buttons-is-layout-1 wp-block-buttons-is-layout-flex\" style=\"margin-top:0;margin-bottom:var(--wp--preset--spacing--8)\">\n<div class=\"wp-block-button is-style-fill\"><a class=\"wp-block-button__link has-btn-neon-green-background-color has-background wp-element-button\" href=\"#form\">Profiter de mon offre de d\u00e9cembre<\/a><\/div>\n<\/div>\n\n\n\n<figure class=\"wp-block-image size-full\"><img decoding=\"async\" src=\"https:\/\/employmenthero.com\/wp-content\/uploads\/2025\/06\/EmploymentOS.png\" alt=\"\" class=\"wp-image-53970\"\/><\/figure>\n<\/div>\n<\/div>\n<\/section>\n","protected":false},"excerpt":{"rendered":"<p>Obtenez davantage sans augmenter vos co\u00fbts Vous m\u00e9ritez un syst\u00e8me de gestion des RH et de la paie qui vous permet r\u00e9ellement de gagner du temps. Une plateforme sp\u00e9cialement con\u00e7ue pour r\u00e9pondre aux exigences r\u00e9glementaires canadiennes et all\u00e9ger votre charge de travail, et non l\u2019alourdir. De plus, vous n\u2019aurez pas \u00e0 d\u00e9penser un sou de [&hellip;]<\/p>\n","protected":false},"author":10,"featured_media":0,"parent":17,"menu_order":0,"comment_status":"closed","ping_status":"closed","template":"","meta":{"inline_featured_image":false,"_lite_auth_enabled":false,"_lite_auth_trigger_method":"scroll","_lite_auth_scroll_percent":25,"_lite_auth_click_element_query":"","footnotes":""},"class_list":["post-1329","page","type-page","status-publish","hentry"],"_links":{"self":[{"href":"https:\/\/employmenthero.com\/fr-ca\/wp-json\/wp\/v2\/pages\/1329","targetHints":{"allow":["GET"]}}],"collection":[{"href":"https:\/\/employmenthero.com\/fr-ca\/wp-json\/wp\/v2\/pages"}],"about":[{"href":"https:\/\/employmenthero.com\/fr-ca\/wp-json\/wp\/v2\/types\/page"}],"author":[{"embeddable":true,"href":"https:\/\/employmenthero.com\/fr-ca\/wp-json\/wp\/v2\/users\/10"}],"replies":[{"embeddable":true,"href":"https:\/\/employmenthero.com\/fr-ca\/wp-json\/wp\/v2\/comments?post=1329"}],"version-history":[{"count":4,"href":"https:\/\/employmenthero.com\/fr-ca\/wp-json\/wp\/v2\/pages\/1329\/revisions"}],"predecessor-version":[{"id":1348,"href":"https:\/\/employmenthero.com\/fr-ca\/wp-json\/wp\/v2\/pages\/1329\/revisions\/1348"}],"up":[{"embeddable":true,"href":"https:\/\/employmenthero.com\/fr-ca\/wp-json\/wp\/v2\/pages\/17"}],"wp:attachment":[{"href":"https:\/\/employmenthero.com\/fr-ca\/wp-json\/wp\/v2\/media?parent=1329"}],"curies":[{"name":"wp","href":"https:\/\/api.w.org\/{rel}","templated":true}]}}